{"id":1936,"date":"2026-01-12T13:51:52","date_gmt":"2026-01-12T12:51:52","guid":{"rendered":"https:\/\/chraejemusig.ch\/?page_id=1936"},"modified":"2026-01-12T13:58:02","modified_gmt":"2026-01-12T12:58:02","slug":"fotos-fasnacht-2026","status":"publish","type":"page","link":"https:\/\/chraejemusig.ch\/?page_id=1936","title":{"rendered":"Fotos Fasnacht 2026"},"content":{"rendered":"\n<p><strong> \n<!-- Start container 1 --><div id=\"wppa-modal-container-1\" class=\"wppa-modal-container\" style=\"position:relative;z-index:100000;\" data-wppa=\"yes\" ontouchmove=\"event.stopPropagation();\"><\/div><div id=\"wppa-container-wrapper-1\" class=\"alignnone wppa-container-wrapper \" style=\"width:100%;clear:both;padding:0;position:relative;\"><div id=\"wppa-container-1\" style=\"width:100%;\" class=\"wppa-container wppa-container-1 wppa-rev-9111001 wppa-prevrev-9110011 wppa-theme-9.1.11.001 wppa-api-9.1.11.001\"><svg id=\"wppa-ajax-spin-1\" class=\"wppa-ajax-spin uil-default\" width=\"120px\" height=\"120px\" viewBox=\"0 0 100 100\" preserveAspectRatio=\"xMidYMid\" stroke=\"\" style=\"width:120px; height:120px; position:fixed; top:50%; margin-top:-60px; left:50%; margin-left:-60px; opacity:1; display:none; fill:#666666; background-color:#dddddd; border-radius:12px;\"><rect x=\"0\" y=\"0\" width=\"100\" height=\"100\" fill=\"none\" class=\"bk\"><\/rect><rect class=\"wppa-ajaxspin\" x=\"47\" y=\"40\" width=\"6\" height=\"20\" rx=\"3\" ry=\"3\" transform=\"rotate(0 50 50) translate(0 -32)\"><animate attributeName=\"opacity\" from=\"1\" to=\"0\" dur=\"1.5s\" begin=\"0s\" repeatCount=\"indefinite\" ><\/rect><rect class=\"wppa-ajaxspin\" x=\"47\" y=\"40\" width=\"6\" height=\"20\" rx=\"3\" ry=\"3\" transform=\"rotate(22.5 50 50) translate(0 -32)\"><animate attributeName=\"opacity\" from=\"1\" to=\"0\" dur=\"1.5s\" begin=\"0.09375s\" repeatCount=\"indefinite\" ><\/rect><rect class=\"wppa-ajaxspin\" x=\"47\" y=\"40\" width=\"6\" height=\"20\" rx=\"3\" ry=\"3\" transform=\"rotate(45 50 50) translate(0 -32)\"><animate attributeName=\"opacity\" from=\"1\" to=\"0\" dur=\"1.5s\" begin=\"0.1875s\" repeatCount=\"indefinite\" ><\/rect><rect class=\"wppa-ajaxspin\" x=\"47\" y=\"40\" width=\"6\" height=\"20\" rx=\"3\" ry=\"3\" transform=\"rotate(67.5 50 50) translate(0 -32)\"><animate attributeName=\"opacity\" from=\"1\" to=\"0\" dur=\"1.5s\" begin=\"0.28125s\" repeatCount=\"indefinite\" ><\/rect><rect class=\"wppa-ajaxspin\" x=\"47\" y=\"40\" width=\"6\" height=\"20\" rx=\"3\" ry=\"3\" transform=\"rotate(90 50 50) translate(0 -32)\"><animate attributeName=\"opacity\" from=\"1\" to=\"0\" dur=\"1.5s\" begin=\"0.375s\" repeatCount=\"indefinite\" ><\/rect><rect class=\"wppa-ajaxspin\" x=\"47\" y=\"40\" width=\"6\" height=\"20\" rx=\"3\" ry=\"3\" transform=\"rotate(112.5 50 50) translate(0 -32)\"><animate attributeName=\"opacity\" from=\"1\" to=\"0\" dur=\"1.5s\" begin=\"0.46875s\" repeatCount=\"indefinite\" ><\/rect><rect class=\"wppa-ajaxspin\" x=\"47\" y=\"40\" width=\"6\" height=\"20\" rx=\"3\" ry=\"3\" transform=\"rotate(135 50 50) translate(0 -32)\"><animate attributeName=\"opacity\" from=\"1\" to=\"0\" dur=\"1.5s\" begin=\"0.5625s\" repeatCount=\"indefinite\" ><\/rect><rect class=\"wppa-ajaxspin\" x=\"47\" y=\"40\" width=\"6\" height=\"20\" rx=\"3\" ry=\"3\" transform=\"rotate(157.5 50 50) translate(0 -32)\"><animate attributeName=\"opacity\" from=\"1\" to=\"0\" dur=\"1.5s\" begin=\"0.65625s\" repeatCount=\"indefinite\" ><\/rect><rect class=\"wppa-ajaxspin\" x=\"47\" y=\"40\" width=\"6\" height=\"20\" rx=\"3\" ry=\"3\" transform=\"rotate(180 50 50) translate(0 -32)\"><animate attributeName=\"opacity\" from=\"1\" to=\"0\" dur=\"1.5s\" begin=\"0.75s\" repeatCount=\"indefinite\" ><\/rect><rect class=\"wppa-ajaxspin\" x=\"47\" y=\"40\" width=\"6\" height=\"20\" rx=\"3\" ry=\"3\" transform=\"rotate(202.5 50 50) translate(0 -32)\"><animate attributeName=\"opacity\" from=\"1\" to=\"0\" dur=\"1.5s\" begin=\"0.84375s\" repeatCount=\"indefinite\" ><\/rect><rect class=\"wppa-ajaxspin\" x=\"47\" y=\"40\" width=\"6\" height=\"20\" rx=\"3\" ry=\"3\" transform=\"rotate(225 50 50) translate(0 -32)\"><animate attributeName=\"opacity\" from=\"1\" to=\"0\" dur=\"1.5s\" begin=\"0.9375s\" repeatCount=\"indefinite\" ><\/rect><rect class=\"wppa-ajaxspin\" x=\"47\" y=\"40\" width=\"6\" height=\"20\" rx=\"3\" ry=\"3\" transform=\"rotate(247.5 50 50) translate(0 -32)\"><animate attributeName=\"opacity\" from=\"1\" to=\"0\" dur=\"1.5s\" begin=\"1.03125s\" repeatCount=\"indefinite\" ><\/rect><rect class=\"wppa-ajaxspin\" x=\"47\" y=\"40\" width=\"6\" height=\"20\" rx=\"3\" ry=\"3\" transform=\"rotate(270 50 50) translate(0 -32)\"><animate attributeName=\"opacity\" from=\"1\" to=\"0\" dur=\"1.5s\" begin=\"1.125s\" repeatCount=\"indefinite\" ><\/rect><rect class=\"wppa-ajaxspin\" x=\"47\" y=\"40\" width=\"6\" height=\"20\" rx=\"3\" ry=\"3\" transform=\"rotate(292.5 50 50) translate(0 -32)\"><animate attributeName=\"opacity\" from=\"1\" to=\"0\" dur=\"1.5s\" begin=\"1.21875s\" repeatCount=\"indefinite\" ><\/rect><rect class=\"wppa-ajaxspin\" x=\"47\" y=\"40\" width=\"6\" height=\"20\" rx=\"3\" ry=\"3\" transform=\"rotate(315 50 50) translate(0 -32)\"><animate attributeName=\"opacity\" from=\"1\" to=\"0\" dur=\"1.5s\" begin=\"1.3125s\" repeatCount=\"indefinite\" ><\/rect><rect class=\"wppa-ajaxspin\" x=\"47\" y=\"40\" width=\"6\" height=\"20\" rx=\"3\" ry=\"3\" transform=\"rotate(337.5 50 50) translate(0 -32)\"><animate attributeName=\"opacity\" from=\"1\" to=\"0\" dur=\"1.5s\" begin=\"1.40625s\" repeatCount=\"indefinite\" ><\/rect><\/svg><input type=\"hidden\" id=\"wppa-nonce-0-1\" name=\"wppa-nonce\" value=\"00525d050c\" ><div id=\"wppa-albumlist-1\" style=\"overflow:auto;\" class=\"albumlist\"><div id=\"album-155-1\" title=\"Zeige das Album Zunftbot \/ Guggertreffen Willisau\" style=\"width:100%;clear:both;cursor:pointer;\" class=\"wppa-album-cover-titleonly album wppa-box wppa-cover-box wppa-cover-box-1\" onclick=\"wppaDoAjaxRender(event, 1, &#039;https:\/\/chraejemusig.ch\/index.php?rest_route=\/wp-photo-album-plus\/endPoint?action=wppa&wppa-action=render&wppa-size=640&occur=1&wppa-fromp=1936&lang=de&album=155&cover=0&occur=1&data-alb=155&#039;, &#039;https:\/\/chraejemusig.ch\/?page_id=1936&lang=de&album=f7258040acdadb77&cover=0&occur=1&data-alb=155&#039; )\"><div id=\"covertext_frame_155_1\" class=\"wppa-text-frame-1 wppa-text-frame wppa-cover-text-frame\"><h2 style=\"clear:none\" class=\"wppa-title\"><a title=\"Zeige das Album Zunftbot \/ Guggertreffen Willisau\" style=\"cursor:pointer\" class=\"wppa-title\" onclick=\"wppaDoAjaxRender(event, 1, &#039;https:\/\/chraejemusig.ch\/index.php?rest_route=\/wp-photo-album-plus\/endPoint?action=wppa&wppa-action=render&wppa-size=640&occur=1&wppa-fromp=1936&lang=de&album=155&cover=0&occur=1&data-alb=155&#039;, &#039;https:\/\/chraejemusig.ch\/?page_id=1936&lang=de&album=f7258040acdadb77&cover=0&occur=1&data-alb=155&#039; )\">Zunftbot \/ Guggertreffen Willisau<\/a><\/h2><\/div><\/div><div id=\"album-156-1\" title=\"Zeige das Album Skiweekend Grindelwald\" style=\"width:100%;float:right;cursor:pointer;\" class=\"wppa-album-cover-titleonly album wppa-box wppa-cover-box wppa-cover-box-1\" onclick=\"wppaDoAjaxRender(event, 1, &#039;https:\/\/chraejemusig.ch\/index.php?rest_route=\/wp-photo-album-plus\/endPoint?action=wppa&wppa-action=render&wppa-size=640&occur=1&wppa-fromp=1936&lang=de&album=156&cover=0&occur=1&data-alb=156&#039;, &#039;https:\/\/chraejemusig.ch\/?page_id=1936&lang=de&album=2815262e5eb1fafc&cover=0&occur=1&data-alb=156&#039; )\"><div id=\"covertext_frame_156_1\" class=\"wppa-text-frame-1 wppa-text-frame wppa-cover-text-frame\"><h2 style=\"clear:none\" class=\"wppa-title\"><a title=\"Zeige das Album Skiweekend Grindelwald\" style=\"cursor:pointer\" class=\"wppa-title\" onclick=\"wppaDoAjaxRender(event, 1, &#039;https:\/\/chraejemusig.ch\/index.php?rest_route=\/wp-photo-album-plus\/endPoint?action=wppa&wppa-action=render&wppa-size=640&occur=1&wppa-fromp=1936&lang=de&album=156&cover=0&occur=1&data-alb=156&#039;, &#039;https:\/\/chraejemusig.ch\/?page_id=1936&lang=de&album=2815262e5eb1fafc&cover=0&occur=1&data-alb=156&#039; )\">Skiweekend Grindelwald<\/a><\/h2><\/div><\/div><div id=\"album-157-1\" title=\"Zeige das Album Ruuggerf\u00e4scht Romoos\" style=\"width:100%;float:right;cursor:pointer;\" class=\"wppa-album-cover-titleonly album wppa-box wppa-cover-box wppa-cover-box-1\" onclick=\"wppaDoAjaxRender(event, 1, &#039;https:\/\/chraejemusig.ch\/index.php?rest_route=\/wp-photo-album-plus\/endPoint?action=wppa&wppa-action=render&wppa-size=640&occur=1&wppa-fromp=1936&lang=de&album=157&cover=0&occur=1&data-alb=157&#039;, &#039;https:\/\/chraejemusig.ch\/?page_id=1936&lang=de&album=839c80b18908fb18&cover=0&occur=1&data-alb=157&#039; )\"><div id=\"covertext_frame_157_1\" class=\"wppa-text-frame-1 wppa-text-frame wppa-cover-text-frame\"><h2 style=\"clear:none\" class=\"wppa-title\"><a title=\"Zeige das Album Ruuggerf\u00e4scht Romoos\" style=\"cursor:pointer\" class=\"wppa-title\" onclick=\"wppaDoAjaxRender(event, 1, &#039;https:\/\/chraejemusig.ch\/index.php?rest_route=\/wp-photo-album-plus\/endPoint?action=wppa&wppa-action=render&wppa-size=640&occur=1&wppa-fromp=1936&lang=de&album=157&cover=0&occur=1&data-alb=157&#039;, &#039;https:\/\/chraejemusig.ch\/?page_id=1936&lang=de&album=839c80b18908fb18&cover=0&occur=1&data-alb=157&#039; )\">Ruuggerf\u00e4scht Romoos<\/a><\/h2><\/div><\/div><div id=\"album-158-1\" title=\"Zeige das Album F\u00e4scht im Chr\u00e4jen\u00e4scht\/Schr\u00e4nzerball\/Ruuggertreffe\" style=\"width:100%;float:right;cursor:pointer;\" class=\"wppa-album-cover-titleonly album wppa-box wppa-cover-box wppa-cover-box-1\" onclick=\"wppaDoAjaxRender(event, 1, &#039;https:\/\/chraejemusig.ch\/index.php?rest_route=\/wp-photo-album-plus\/endPoint?action=wppa&wppa-action=render&wppa-size=640&occur=1&wppa-fromp=1936&lang=de&album=158&cover=0&occur=1&data-alb=158&#039;, &#039;https:\/\/chraejemusig.ch\/?page_id=1936&lang=de&album=47211926d537d26c&cover=0&occur=1&data-alb=158&#039; )\"><div id=\"covertext_frame_158_1\" class=\"wppa-text-frame-1 wppa-text-frame wppa-cover-text-frame\"><h2 style=\"clear:none\" class=\"wppa-title\"><a title=\"Zeige das Album F\u00e4scht im Chr\u00e4jen\u00e4scht\/Schr\u00e4nzerball\/Ruuggertreffe\" style=\"cursor:pointer\" class=\"wppa-title\" onclick=\"wppaDoAjaxRender(event, 1, &#039;https:\/\/chraejemusig.ch\/index.php?rest_route=\/wp-photo-album-plus\/endPoint?action=wppa&wppa-action=render&wppa-size=640&occur=1&wppa-fromp=1936&lang=de&album=158&cover=0&occur=1&data-alb=158&#039;, &#039;https:\/\/chraejemusig.ch\/?page_id=1936&lang=de&album=47211926d537d26c&cover=0&occur=1&data-alb=158&#039; )\">F\u00e4scht im Chr\u00e4jen\u00e4scht\/Schr\u00e4nzerball\/Ruuggertreffe<\/a><\/h2><\/div><\/div><div id=\"album-161-1\" title=\"Zeige das Album Fasnachtswoche\" style=\"width:100%;float:right;cursor:pointer;\" class=\"wppa-album-cover-titleonly album wppa-box wppa-cover-box wppa-cover-box-1\" onclick=\"wppaDoAjaxRender(event, 1, &#039;https:\/\/chraejemusig.ch\/index.php?rest_route=\/wp-photo-album-plus\/endPoint?action=wppa&wppa-action=render&wppa-size=640&occur=1&wppa-fromp=1936&lang=de&album=161&cover=0&occur=1&data-alb=161&#039;, &#039;https:\/\/chraejemusig.ch\/?page_id=1936&lang=de&album=c2428f54112314ed&cover=0&occur=1&data-alb=161&#039; )\"><div id=\"covertext_frame_161_1\" class=\"wppa-text-frame-1 wppa-text-frame wppa-cover-text-frame\"><h2 style=\"clear:none\" class=\"wppa-title\"><a title=\"Zeige das Album Fasnachtswoche\" style=\"cursor:pointer\" class=\"wppa-title\" onclick=\"wppaDoAjaxRender(event, 1, &#039;https:\/\/chraejemusig.ch\/index.php?rest_route=\/wp-photo-album-plus\/endPoint?action=wppa&wppa-action=render&wppa-size=640&occur=1&wppa-fromp=1936&lang=de&album=161&cover=0&occur=1&data-alb=161&#039;, &#039;https:\/\/chraejemusig.ch\/?page_id=1936&lang=de&album=c2428f54112314ed&cover=0&occur=1&data-alb=161&#039; )\">Fasnachtswoche<\/a><\/h2><\/div><\/div><div id=\"album-162-1\" title=\"Zeige das Album Gesamtfoto und Registerfotos\" style=\"width:100%;float:right;cursor:pointer;\" class=\"wppa-album-cover-titleonly album wppa-box wppa-cover-box wppa-cover-box-1\" onclick=\"wppaDoAjaxRender(event, 1, &#039;https:\/\/chraejemusig.ch\/index.php?rest_route=\/wp-photo-album-plus\/endPoint?action=wppa&wppa-action=render&wppa-size=640&occur=1&wppa-fromp=1936&lang=de&album=162&cover=0&occur=1&data-alb=162&#039;, &#039;https:\/\/chraejemusig.ch\/?page_id=1936&lang=de&album=bb6eedd38e3cd084&cover=0&occur=1&data-alb=162&#039; )\"><div id=\"covertext_frame_162_1\" class=\"wppa-text-frame-1 wppa-text-frame wppa-cover-text-frame\"><h2 style=\"clear:none\" class=\"wppa-title\"><a title=\"Zeige das Album Gesamtfoto und Registerfotos\" style=\"cursor:pointer\" class=\"wppa-title\" onclick=\"wppaDoAjaxRender(event, 1, &#039;https:\/\/chraejemusig.ch\/index.php?rest_route=\/wp-photo-album-plus\/endPoint?action=wppa&wppa-action=render&wppa-size=640&occur=1&wppa-fromp=1936&lang=de&album=162&cover=0&occur=1&data-alb=162&#039;, &#039;https:\/\/chraejemusig.ch\/?page_id=1936&lang=de&album=bb6eedd38e3cd084&cover=0&occur=1&data-alb=162&#039; )\">Gesamtfoto und Registerfotos<\/a><\/h2><\/div><\/div><\/div><div style=\"clear:both;\"><\/div><div id=\"wppa-container-1-end\"><\/div><\/div><\/div>\n<!-- End [wppa type=\"covers\" album=\"153\"] \/index.php?rest_route=%2Fwp%2Fv2%2Fpages%2F1936 oc 1 56 queries in 31.1 ms. at 8:22. Max mem: 14.00 Mb. --><\/strong><\/p>\n","protected":false},"excerpt":{"rendered":"","protected":false},"author":1,"featured_media":0,"parent":0,"menu_order":0,"comment_status":"closed","ping_status":"closed","template":"","meta":{"footnotes":""},"class_list":["post-1936","page","type-page","status-publish","hentry"],"_links":{"self":[{"href":"https:\/\/chraejemusig.ch\/index.php?rest_route=\/wp\/v2\/pages\/1936","targetHints":{"allow":["GET"]}}],"collection":[{"href":"https:\/\/chraejemusig.ch\/index.php?rest_route=\/wp\/v2\/pages"}],"about":[{"href":"https:\/\/chraejemusig.ch\/index.php?rest_route=\/wp\/v2\/types\/page"}],"author":[{"embeddable":true,"href":"https:\/\/chraejemusig.ch\/index.php?rest_route=\/wp\/v2\/users\/1"}],"replies":[{"embeddable":true,"href":"https:\/\/chraejemusig.ch\/index.php?rest_route=%2Fwp%2Fv2%2Fcomments&post=1936"}],"version-history":[{"count":3,"href":"https:\/\/chraejemusig.ch\/index.php?rest_route=\/wp\/v2\/pages\/1936\/revisions"}],"predecessor-version":[{"id":1940,"href":"https:\/\/chraejemusig.ch\/index.php?rest_route=\/wp\/v2\/pages\/1936\/revisions\/1940"}],"wp:attachment":[{"href":"https:\/\/chraejemusig.ch\/index.php?rest_route=%2Fwp%2Fv2%2Fmedia&parent=1936"}],"curies":[{"name":"wp","href":"https:\/\/api.w.org\/{rel}","templated":true}]}}