{"id":22,"date":"2015-11-03T20:53:30","date_gmt":"2015-11-03T19:53:30","guid":{"rendered":"http:\/\/chraejemusig.ch\/wordpress\/?page_id=22"},"modified":"2025-10-14T16:49:34","modified_gmt":"2025-10-14T14:49:34","slug":"chraeje-on-tour","status":"publish","type":"page","link":"https:\/\/chraejemusig.ch\/?page_id=22","title":{"rendered":"Chr\u00e4je on Tour"},"content":{"rendered":"\n<figure class=\"wp-block-table is-style-stripes\"><table><tbody><tr><td>Samstag<\/td><td>10.01.2026<\/td><td>Zunftbot anschliessend Guggertreffen<\/td><td>Entlebuch \/ Willisau<\/td><\/tr><tr><td>FR\/SA\/SO<\/td><td>16.-18.01.2026<\/td><td>Skiweekend<\/td><td>Wengen<\/td><\/tr><tr><td>Samstag<\/td><td>31.01.2026<\/td><td>Ruuggerf\u00e4scht Napfruugger<\/td><td>Romoos<\/td><\/tr><tr><td>Freitag<\/td><td>06.02.2026<\/td><td>F\u00e4scht im Chr\u00e4jen\u00e4scht<\/td><td>Entlebuch<\/td><\/tr><tr><td>Samstag<\/td><td>07.02.2026<\/td><td>Schr\u00e4nzerball<\/td><td>Wolhusen<\/td><\/tr><tr><td>Sonntag<\/td><td>08.02.2026<\/td><td>Ruuggertreffen<\/td><td>Wolhusen<\/td><\/tr><tr><td>SchmuDo<\/td><td>12.02.2026<\/td><td>Tagwache, St\u00e4ndle<\/td><td>Dorf Entlebuch<\/td><\/tr><tr><td><\/td><td><\/td><td>M\u00e4remonster<\/td><td>Sempach<\/td><\/tr><tr><td>Freitag<\/td><td>13.02.2026<\/td><td>F\u00e4scht am Birg\u00e4-Ennetb\u00fcrgen<\/td><td>Ennetb\u00fcrgen<\/td><\/tr><tr><td>Samstag<\/td><td>14.02.2026<\/td><td>Brunni-Fasnacht<\/td><td>Engelberg<\/td><\/tr><tr><td>Sonntag<\/td><td>15.02.2026<\/td><td>Umzug &amp; anschliessend Umzugsfest<\/td><td>Wolhusen<\/td><\/tr><tr><td>Montag<\/td><td>16.02.2026<\/td><td>G\u00fcdismontag<\/td><td>&#8211;<\/td><\/tr><tr><td>Dienstag<\/td><td>17.02.2026<\/td><td>Ausflug<\/td><td>\u00dcberraschung<\/td><\/tr><tr><td><\/td><td><\/td><td>Uslumpete<\/td><td>Ebnet<\/td><\/tr><\/tbody><\/table><\/figure>\n","protected":false},"excerpt":{"rendered":"<p>Samstag 10.01.2026 Zunftbot anschliessend Guggertreffen Entlebuch \/ Willisau FR\/SA\/SO 16.-18.01.2026 Skiweekend Wengen Samstag 31.01.2026 Ruuggerf\u00e4scht Napfruugger Romoos Freitag 06.02.2026 F\u00e4scht im Chr\u00e4jen\u00e4scht Entlebuch Samstag 07.02.2026 Schr\u00e4nzerball Wolhusen Sonntag 08.02.2026 Ruuggertreffen Wolhusen SchmuDo 12.02.2026 Tagwache, St\u00e4ndle<a class=\"read-more\" href=\"https:\/\/chraejemusig.ch\/?page_id=22\">Continue reading<\/a><\/p>\n","protected":false},"author":1,"featured_media":0,"parent":0,"menu_order":0,"comment_status":"closed","ping_status":"closed","template":"","meta":{"footnotes":""},"class_list":["post-22","page","type-page","status-publish","hentry"],"_links":{"self":[{"href":"https:\/\/chraejemusig.ch\/index.php?rest_route=\/wp\/v2\/pages\/22","targetHints":{"allow":["GET"]}}],"collection":[{"href":"https:\/\/chraejemusig.ch\/index.php?rest_route=\/wp\/v2\/pages"}],"about":[{"href":"https:\/\/chraejemusig.ch\/index.php?rest_route=\/wp\/v2\/types\/page"}],"author":[{"embeddable":true,"href":"https:\/\/chraejemusig.ch\/index.php?rest_route=\/wp\/v2\/users\/1"}],"replies":[{"embeddable":true,"href":"https:\/\/chraejemusig.ch\/index.php?rest_route=%2Fwp%2Fv2%2Fcomments&post=22"}],"version-history":[{"count":21,"href":"https:\/\/chraejemusig.ch\/index.php?rest_route=\/wp\/v2\/pages\/22\/revisions"}],"predecessor-version":[{"id":1832,"href":"https:\/\/chraejemusig.ch\/index.php?rest_route=\/wp\/v2\/pages\/22\/revisions\/1832"}],"wp:attachment":[{"href":"https:\/\/chraejemusig.ch\/index.php?rest_route=%2Fwp%2Fv2%2Fmedia&parent=22"}],"curies":[{"name":"wp","href":"https:\/\/api.w.org\/{rel}","templated":true}]}}