{"id":40,"date":"2015-11-03T21:13:43","date_gmt":"2015-11-03T20:13:43","guid":{"rendered":"http:\/\/chraejemusig.ch\/wordpress\/?page_id=40"},"modified":"2019-12-16T19:54:56","modified_gmt":"2019-12-16T18:54:56","slug":"passivmitglied","status":"publish","type":"page","link":"https:\/\/chraejemusig.ch\/?page_id=40","title":{"rendered":"Passivmitglied"},"content":{"rendered":"\n<p><strong>Unterst\u00fctze die Entlebucher Fasnacht, werde Passivmitglied der Chr\u00e4jemusig!<\/strong><\/p>\n\n\n\n<p>Mit 50 Fr. pro Jahr kannst du als ehemaliges Mitglied oder Freund der Chr\u00e4jemusig Passivmitglied werden.<\/p>\n\n\n\n<p>Es gibt zwei M\u00f6glichkeiten, sich als Passivmitglied bei der Chr\u00e4jemusig zu engagieren.<\/p>\n\n\n\n<ol class=\"wp-block-list\"><li>Du gibst den Passivmitgliederbeitrag zusammen mit deinem Namen und deiner Adresse einem Aktivmitglied ab. Er wird dann das weitere regeln.<\/li><li>Du bezahlst den Passivmitgliederbeitrag mit einem Einzahlungsschein auf unser Konto ein. Den Einzahlungsschein erh\u00e4lst du von unserem Kassier.<\/li><\/ol>\n","protected":false},"excerpt":{"rendered":"<p>Unterst\u00fctze die Entlebucher Fasnacht, werde Passivmitglied der Chr\u00e4jemusig! Mit 50 Fr. pro Jahr kannst du als ehemaliges Mitglied oder Freund der Chr\u00e4jemusig Passivmitglied werden. Es gibt zwei M\u00f6glichkeiten, sich als Passivmitglied bei der Chr\u00e4jemusig zu<a class=\"read-more\" href=\"https:\/\/chraejemusig.ch\/?page_id=40\">Continue reading<\/a><\/p>\n","protected":false},"author":1,"featured_media":0,"parent":0,"menu_order":0,"comment_status":"closed","ping_status":"closed","template":"","meta":{"footnotes":""},"class_list":["post-40","page","type-page","status-publish","hentry"],"_links":{"self":[{"href":"https:\/\/chraejemusig.ch\/index.php?rest_route=\/wp\/v2\/pages\/40","targetHints":{"allow":["GET"]}}],"collection":[{"href":"https:\/\/chraejemusig.ch\/index.php?rest_route=\/wp\/v2\/pages"}],"about":[{"href":"https:\/\/chraejemusig.ch\/index.php?rest_route=\/wp\/v2\/types\/page"}],"author":[{"embeddable":true,"href":"https:\/\/chraejemusig.ch\/index.php?rest_route=\/wp\/v2\/users\/1"}],"replies":[{"embeddable":true,"href":"https:\/\/chraejemusig.ch\/index.php?rest_route=%2Fwp%2Fv2%2Fcomments&post=40"}],"version-history":[{"count":3,"href":"https:\/\/chraejemusig.ch\/index.php?rest_route=\/wp\/v2\/pages\/40\/revisions"}],"predecessor-version":[{"id":641,"href":"https:\/\/chraejemusig.ch\/index.php?rest_route=\/wp\/v2\/pages\/40\/revisions\/641"}],"wp:attachment":[{"href":"https:\/\/chraejemusig.ch\/index.php?rest_route=%2Fwp%2Fv2%2Fmedia&parent=40"}],"curies":[{"name":"wp","href":"https:\/\/api.w.org\/{rel}","templated":true}]}}